{"id":661,"date":"2015-12-22T18:08:55","date_gmt":"2015-12-22T17:08:55","guid":{"rendered":"https:\/\/missillac-notredamedelabriere.fr\/?page_id=661"},"modified":"2025-05-05T08:53:57","modified_gmt":"2025-05-05T07:53:57","slug":"inscriptions-septembre-2016","status":"publish","type":"page","link":"https:\/\/missillac-notredamedelabriere.fr\/?page_id=661","title":{"rendered":"Les inscriptions"},"content":{"rendered":"<p>Le directeur, Mme DAVID Ga\u00eblle, se tient \u00e0 votre disposition les lundis et mardis toute la journ\u00e9e et le soir apr\u00e8s la classe pour l\u2019inscription de vos enfants. N\u2019h\u00e9sitez pas \u00e0 prendre rendez-vous au 07 66 38 46 98.<\/p>\n<p style=\"text-align: center;\"><span style=\"color: #3366ff;\">&nbsp;<\/span><\/p>\n","protected":false},"excerpt":{"rendered":"<p>Le directeur, Mme DAVID Ga\u00eblle, se tient \u00e0 votre disposition les lundis et mardis toute la journ\u00e9e et le soir apr\u00e8s la classe pour l\u2019inscription de vos enfants. N\u2019h\u00e9sitez pas \u00e0 prendre rendez-vous au 07 66 38 46 98. &nbsp;<\/p>\n","protected":false},"author":28,"featured_media":0,"parent":2,"menu_order":0,"comment_status":"closed","ping_status":"closed","template":"","meta":{"ngg_post_thumbnail":0,"footnotes":""},"class_list":["post-661","page","type-page","status-publish","hentry"],"_links":{"self":[{"href":"https:\/\/missillac-notredamedelabriere.fr\/index.php?rest_route=\/wp\/v2\/pages\/661","targetHints":{"allow":["GET"]}}],"collection":[{"href":"https:\/\/missillac-notredamedelabriere.fr\/index.php?rest_route=\/wp\/v2\/pages"}],"about":[{"href":"https:\/\/missillac-notredamedelabriere.fr\/index.php?rest_route=\/wp\/v2\/types\/page"}],"author":[{"embeddable":true,"href":"https:\/\/missillac-notredamedelabriere.fr\/index.php?rest_route=\/wp\/v2\/users\/28"}],"replies":[{"embeddable":true,"href":"https:\/\/missillac-notredamedelabriere.fr\/index.php?rest_route=%2Fwp%2Fv2%2Fcomments&post=661"}],"version-history":[{"count":9,"href":"https:\/\/missillac-notredamedelabriere.fr\/index.php?rest_route=\/wp\/v2\/pages\/661\/revisions"}],"predecessor-version":[{"id":5708,"href":"https:\/\/missillac-notredamedelabriere.fr\/index.php?rest_route=\/wp\/v2\/pages\/661\/revisions\/5708"}],"up":[{"embeddable":true,"href":"https:\/\/missillac-notredamedelabriere.fr\/index.php?rest_route=\/wp\/v2\/pages\/2"}],"wp:attachment":[{"href":"https:\/\/missillac-notredamedelabriere.fr\/index.php?rest_route=%2Fwp%2Fv2%2Fmedia&parent=661"}],"curies":[{"name":"wp","href":"https:\/\/api.w.org\/{rel}","templated":true}]}}