{"id":72,"date":"2015-08-21T14:11:41","date_gmt":"2015-08-21T13:11:41","guid":{"rendered":"https:\/\/missillac-notredamedelabriere.fr\/?page_id=72"},"modified":"2025-11-20T12:26:38","modified_gmt":"2025-11-20T11:26:38","slug":"mot-de-la-directrice","status":"publish","type":"page","link":"https:\/\/missillac-notredamedelabriere.fr\/?page_id=72","title":{"rendered":"Mot de la Cheffe d&#8217;Etablissement"},"content":{"rendered":"<p>Cette rentr\u00e9e de septembre 2025 s&#8217;est d\u00e9roul\u00e9e dans la bonne humeur. L&#8217;\u00e9quipe \u00e9ducative est tr\u00e8s heureuse de retrouver le chemin des classes et vos enfants pour cette nouvelle ann\u00e9e scolaire.<\/p>\n<p>L&#8217;\u00e9cole accueille 248 \u00e9l\u00e8ves dont 83 maternelles et 165 \u00e9l\u00e9mentaires. Il y a 208 \u00e9l\u00e8ves sur le site du Bourg r\u00e9partis dans 9 classes de la PS au CM2. Le site de l&#8217;Angle Bertho propose deux classes de la PS au CM1 avec 40 \u00e9l\u00e8ves. Vous \u00eates 189 familles \u00e0 nous faire confiance, un grand merci \u00e0 vous !<\/p>\n<p>Concernant l&#8217;Angle Bertho, la garderie g\u00e9r\u00e9e par l&#8217;OGEC propose une solution d\u2019accueil de 7h15 \u00e0 8h30 puis de 16h20 \u00e0 18h00. Mme La\u00ebtitia VIOLIER est responsable de ces temps extra-scolaires et assure ce service aux familles.<\/p>\n<p>L&#8217;\u00e9quipe \u00e9ducative, la Paroisse de Pontch\u00e2teau, la DDEC de Nantes,&nbsp; l&#8217;OGEC et l&#8217;APEL souhaitent une belle ann\u00e9e scolaire \u00e0 l&#8217;ensemble de la communaut\u00e9 \u00e9ducative.<\/p>\n<p>Ga\u00eblle DAVID<\/p>\n<p>&nbsp;<\/p>\n<p>&nbsp;<\/p>\n<p>&nbsp;<\/p>\n<p>&nbsp;<\/p>\n<p>&nbsp;<\/p>\n<p>&nbsp;<\/p>\n<p>&nbsp;<\/p>\n<p>&nbsp;<\/p>\n<p>&nbsp;<\/p>\n<p>&nbsp;<\/p>\n","protected":false},"excerpt":{"rendered":"<p>Cette rentr\u00e9e de septembre 2025 s&#8217;est d\u00e9roul\u00e9e dans la bonne humeur. L&#8217;\u00e9quipe \u00e9ducative est tr\u00e8s heureuse de retrouver le chemin des classes et vos enfants pour cette nouvelle ann\u00e9e scolaire. L&#8217;\u00e9cole accueille 248 \u00e9l\u00e8ves dont 83 maternelles et 165 \u00e9l\u00e9mentaires. Il y a 208 \u00e9l\u00e8ves sur le site du Bourg r\u00e9partis dans 9 classes de&hellip; <br \/> <a class=\"read-more\" href=\"https:\/\/missillac-notredamedelabriere.fr\/?page_id=72\">Lire la suite<\/a><\/p>\n","protected":false},"author":28,"featured_media":0,"parent":0,"menu_order":0,"comment_status":"closed","ping_status":"closed","template":"","meta":{"ngg_post_thumbnail":0,"footnotes":""},"class_list":["post-72","page","type-page","status-publish","hentry"],"_links":{"self":[{"href":"https:\/\/missillac-notredamedelabriere.fr\/index.php?rest_route=\/wp\/v2\/pages\/72","targetHints":{"allow":["GET"]}}],"collection":[{"href":"https:\/\/missillac-notredamedelabriere.fr\/index.php?rest_route=\/wp\/v2\/pages"}],"about":[{"href":"https:\/\/missillac-notredamedelabriere.fr\/index.php?rest_route=\/wp\/v2\/types\/page"}],"author":[{"embeddable":true,"href":"https:\/\/missillac-notredamedelabriere.fr\/index.php?rest_route=\/wp\/v2\/users\/28"}],"replies":[{"embeddable":true,"href":"https:\/\/missillac-notredamedelabriere.fr\/index.php?rest_route=%2Fwp%2Fv2%2Fcomments&post=72"}],"version-history":[{"count":22,"href":"https:\/\/missillac-notredamedelabriere.fr\/index.php?rest_route=\/wp\/v2\/pages\/72\/revisions"}],"predecessor-version":[{"id":5732,"href":"https:\/\/missillac-notredamedelabriere.fr\/index.php?rest_route=\/wp\/v2\/pages\/72\/revisions\/5732"}],"wp:attachment":[{"href":"https:\/\/missillac-notredamedelabriere.fr\/index.php?rest_route=%2Fwp%2Fv2%2Fmedia&parent=72"}],"curies":[{"name":"wp","href":"https:\/\/api.w.org\/{rel}","templated":true}]}}